{"id":4964,"date":"2024-01-25T10:19:30","date_gmt":"2024-01-25T08:19:30","guid":{"rendered":"http:\/\/moshop.ch\/andise\/?page_id=4964"},"modified":"2026-05-04T22:43:51","modified_gmt":"2026-05-04T20:43:51","slug":"pflege","status":"publish","type":"page","link":"https:\/\/moshop.ch\/andise\/?page_id=4964","title":{"rendered":"PFLEGE"},"content":{"rendered":"\t\t<div data-elementor-type=\"wp-page\" data-elementor-id=\"4964\" class=\"elementor elementor-4964\">\n\t\t\t\t\t\t\t\t\t<section class=\"elementor-section elementor-top-section elementor-element elementor-element-6cb32990 elementor-section-boxed elementor-section-height-default elementor-section-height-default\" data-id=\"6cb32990\" data-element_type=\"section\">\n\t\t\t\t\t\t<div class=\"elementor-container elementor-column-gap-default\">\n\t\t\t\t\t<div class=\"elementor-column elementor-col-100 elementor-top-column elementor-element elementor-element-1bfd7168\" data-id=\"1bfd7168\" data-element_type=\"column\">\n\t\t\t<div class=\"elementor-widget-wrap elementor-element-populated\">\n\t\t\t\t\t\t\t\t<div class=\"elementor-element elementor-element-62796871 elementor-widget elementor-widget-text-editor\" data-id=\"62796871\" data-element_type=\"widget\" data-widget_type=\"text-editor.default\">\n\t\t\t\t<div class=\"elementor-widget-container\">\n\t\t\t<style>\/*! elementor - v3.11.5 - 14-03-2023 *\/\n.elementor-widget-text-editor.elementor-drop-cap-view-stacked .elementor-drop-cap{background-color:#818a91;color:#fff}.elementor-widget-text-editor.elementor-drop-cap-view-framed .elementor-drop-cap{color:#818a91;border:3px solid;background-color:transparent}.elementor-widget-text-editor:not(.elementor-drop-cap-view-default) .elementor-drop-cap{margin-top:8px}.elementor-widget-text-editor:not(.elementor-drop-cap-view-default) .elementor-drop-cap-letter{width:1em;height:1em}.elementor-widget-text-editor .elementor-drop-cap{float:left;text-align:center;line-height:1;font-size:50px}.elementor-widget-text-editor .elementor-drop-cap-letter{display:inline-block}<\/style>\t\t\t\t<!-- wp:image {\"id\":4582,\"width\":\"98px\",\"height\":\"auto\",\"aspectRatio\":\"4.921052631578948\",\"sizeSlug\":\"full\",\"linkDestination\":\"none\",\"align\":\"center\"} -->\n<h1 class=\"wp-block-image aligncenter size-full is-resized\" style=\"text-align: left;\"><img loading=\"lazy\" decoding=\"async\" width=\"590\" height=\"120\" class=\"wp-image-4582\" style=\"aspect-ratio: 4.921052631578948; width: 98px; height: auto;\" src=\"https:\/\/moshop.ch\/andise\/wp-content\/uploads\/2023\/08\/Bildschirmfoto-2023-08-18-um-10.32.46.png\" alt=\"\" \/><\/h1>\n<div class=\"wp-block-columns\">\n<div class=\"wp-block-column\"><!-- \/wp:paragraph --><!-- wp:paragraph {\"style\":{\"typography\":{\"fontSize\":\"20px\"}}} -->\n<h1 class=\"wp-block-image aligncenter size-full is-resized\" style=\"text-align: left;\"><strong>ALLES NEU<\/strong>&#8230;<\/h1>\n<p style=\"font-size: 20px;\">DURCH DIE <strong>RICHTIGE PFLEGE<\/strong> BEHALTEN DIE KLEIDER UND <strong>DRUCKE<\/strong> \u00dcBER EINEN <strong>LANGEN ZEITRAUM<\/strong> IHRE <strong>SCH\u00d6NHEIT<\/strong>. DAHER EMPFEHLEN WIR, DIE UNTEN STEHENDEN <strong>PFLEGEHINWEISE<\/strong> ZU BEACHTEN:<\/p>\n<!-- \/wp:paragraph --><!-- wp:list -->\n<ul class=\"wp-block-list\"><!-- wp:list-item {\"style\":{\"typography\":{\"textTransform\":\"uppercase\",\"fontSize\":\"17px\"}}} -->\n<li style=\"font-size: 17px; text-transform: uppercase;\">Kurzw\u00e4sche\/Pflegeleicht 30\u00b0 Ca 10-30 MIN MAX<\/li>\n<!-- \/wp:list-item --><!-- wp:list-item {\"style\":{\"typography\":{\"textTransform\":\"uppercase\",\"fontSize\":\"17px\"}}} -->\n<li style=\"font-size: 17px; text-transform: uppercase;\">Wir empfehlen GRUNDS\u00c4TZLICH keine Trockner<\/li>\n<!-- \/wp:list-item --><!-- wp:list-item {\"style\":{\"typography\":{\"textTransform\":\"uppercase\",\"fontSize\":\"17px\"}}} -->\n<li style=\"font-size: 17px; text-transform: uppercase;\">B\u00fcgeln bis max. ca 120\u00b0C<\/li>\n<!-- \/wp:list-item --><!-- wp:list-item {\"style\":{\"typography\":{\"textTransform\":\"uppercase\",\"fontSize\":\"17px\"}}} -->\n<li style=\"font-size: 17px; text-transform: uppercase;\">Generelle Empfehlung: Links waschen<\/li>\n<!-- \/wp:list-item --><!-- wp:list-item {\"style\":{\"typography\":{\"textTransform\":\"uppercase\",\"fontSize\":\"17px\"}}} -->\n<li style=\"font-size: 17px; text-transform: uppercase;\">Nicht chemisch reinigen<\/li>\n<!-- \/wp:list-item --><!-- wp:list-item {\"style\":{\"typography\":{\"textTransform\":\"uppercase\",\"fontSize\":\"17px\"}}} -->\n<li style=\"font-size: 17px; text-transform: uppercase;\">Ein knitteriger Druck kann mit einem B\u00fcgeleisen (ohne Wasser, DAMPF ETC&#8230;) BEI CA 90-100 Grad mit EINER ZWISCHENLAGE Backpapier geGl\u00e4ttet werden. B\u00fcGELEISEN IN Z\u00dcGIGEN BEWEGUNGEN MIT WENIG KRAFTAUFWAND \u00fcber den druck f\u00fchren.<\/li>\n<!-- \/wp:list-item --><\/ul>\n<!-- \/wp:list --><!-- wp:image {\"id\":4582,\"width\":\"98px\",\"height\":\"auto\",\"aspectRatio\":\"4.921052631578948\",\"sizeSlug\":\"full\",\"linkDestination\":\"none\",\"align\":\"center\"} --><!-- \/wp:image --><!-- wp:paragraph {\"style\":{\"typography\":{\"fontSize\":\"34px\"}}} --><!-- \/wp:paragraph --><\/div>\n<!-- \/wp:column --><!-- wp:column -->\n<div class=\"wp-block-column\"><!-- wp:image {\"id\":4804,\"width\":\"775px\",\"height\":\"auto\",\"sizeSlug\":\"full\",\"linkDestination\":\"none\",\"align\":\"center\"} -->\n<figure class=\"wp-block-image aligncenter size-full is-resized\"><img loading=\"lazy\" decoding=\"async\" class=\"alignnone size-medium wp-image-7286\" src=\"https:\/\/moshop.ch\/andise\/wp-content\/uploads\/2026\/03\/Cloudy_Sweater-900x900.jpg\" alt=\"\" width=\"900\" height=\"900\" srcset=\"https:\/\/moshop.ch\/andise\/wp-content\/uploads\/2026\/03\/Cloudy_Sweater-900x900.jpg 900w, https:\/\/moshop.ch\/andise\/wp-content\/uploads\/2026\/03\/Cloudy_Sweater-600x600.jpg 600w, https:\/\/moshop.ch\/andise\/wp-content\/uploads\/2026\/03\/Cloudy_Sweater-150x150.jpg 150w, https:\/\/moshop.ch\/andise\/wp-content\/uploads\/2026\/03\/Cloudy_Sweater-800x800.jpg 800w, https:\/\/moshop.ch\/andise\/wp-content\/uploads\/2026\/03\/Cloudy_Sweater-700x700.jpg 700w, https:\/\/moshop.ch\/andise\/wp-content\/uploads\/2026\/03\/Cloudy_Sweater-768x768.jpg 768w, https:\/\/moshop.ch\/andise\/wp-content\/uploads\/2026\/03\/Cloudy_Sweater-1536x1536.jpg 1536w, https:\/\/moshop.ch\/andise\/wp-content\/uploads\/2026\/03\/Cloudy_Sweater-1920x1920.jpg 1920w, https:\/\/moshop.ch\/andise\/wp-content\/uploads\/2026\/03\/Cloudy_Sweater.jpg 2000w\" sizes=\"auto, (max-width: 900px) 100vw, 900px\" \/><\/figure>\n<!-- \/wp:image --><\/div>\n<!-- \/wp:column --><\/div>\n<!-- \/wp:columns -->\t\t\t\t\t\t<\/div>\n\t\t\t\t<\/div>\n\t\t\t\t\t<\/div>\n\t\t<\/div>\n\t\t\t\t\t\t\t<\/div>\n\t\t<\/section>\n\t\t\t\t\t\t\t<\/div>\n\t\t","protected":false},"excerpt":{"rendered":"<p>ALLES NEU&#8230; DURCH DIE RICHTIGE PFLEGE BEHALTEN DIE KLEIDER UND DRUCKE \u00dcBER EINEN LANGEN ZEITRAUM IHRE SCH\u00d6NHEIT. DAHER EMPFEHLEN WIR, DIE UNTEN STEHENDEN PFLEGEHINWEISE ZU BEACHTEN:<\/p>\n","protected":false},"author":1,"featured_media":0,"parent":0,"menu_order":0,"comment_status":"closed","ping_status":"closed","template":"","meta":{"footnotes":""},"class_list":["post-4964","page","type-page","status-publish","hentry"],"_links":{"self":[{"href":"https:\/\/moshop.ch\/andise\/index.php?rest_route=\/wp\/v2\/pages\/4964","targetHints":{"allow":["GET"]}}],"collection":[{"href":"https:\/\/moshop.ch\/andise\/index.php?rest_route=\/wp\/v2\/pages"}],"about":[{"href":"https:\/\/moshop.ch\/andise\/index.php?rest_route=\/wp\/v2\/types\/page"}],"author":[{"embeddable":true,"href":"https:\/\/moshop.ch\/andise\/index.php?rest_route=\/wp\/v2\/users\/1"}],"replies":[{"embeddable":true,"href":"https:\/\/moshop.ch\/andise\/index.php?rest_route=%2Fwp%2Fv2%2Fcomments&post=4964"}],"version-history":[{"count":64,"href":"https:\/\/moshop.ch\/andise\/index.php?rest_route=\/wp\/v2\/pages\/4964\/revisions"}],"predecessor-version":[{"id":7622,"href":"https:\/\/moshop.ch\/andise\/index.php?rest_route=\/wp\/v2\/pages\/4964\/revisions\/7622"}],"wp:attachment":[{"href":"https:\/\/moshop.ch\/andise\/index.php?rest_route=%2Fwp%2Fv2%2Fmedia&parent=4964"}],"curies":[{"name":"wp","href":"https:\/\/api.w.org\/{rel}","templated":true}]}}